{"id":2,"date":"2018-03-20T09:30:26","date_gmt":"2018-03-20T12:30:26","guid":{"rendered":"https:\/\/atualizacursos.com.br\/blog\/?page_id=2"},"modified":"2019-04-12T16:17:00","modified_gmt":"2019-04-12T19:17:00","slug":"sobre","status":"publish","type":"page","link":"https:\/\/atualizacursos.com.br\/blog\/sobre\/","title":{"rendered":"Sobre"},"content":{"rendered":"<p>A<strong><a href=\"https:\/\/www.faculdadeatualiza.edu.br\" target=\"_blank\" rel=\"noopener\"> Faculdade Atualiza<\/a> <\/strong>faz parte do Grupo Atualiza, uma institui\u00e7\u00e3o com 20 anos de experi\u00eancia, especializada em cursos de P\u00f3s-Gradua\u00e7\u00e3o na \u00e1rea de Sa\u00fade, de Atualiza\u00e7\u00e3o e Extens\u00e3o.<\/p>\n<p>A P\u00f3s-Gradua\u00e7\u00e3o oferece mais de 40 cursos nas \u00e1reas de Enfermagem, Farm\u00e1cia, Fisioterapia, Psicologia e Nutri\u00e7\u00e3o. Atua tamb\u00e9m em treinamentos abertos e in company nas \u00e1reas de Sa\u00fade, Seguran\u00e7a do Trabalho e Sa\u00fade Ocupacional atrav\u00e9s da Atualiza Cursos, em Congressos e Simp\u00f3sios atrav\u00e9s da Atualiza Congressos e em Publica\u00e7\u00e3o de Livros com a Atualiza Editora.<\/p>\n<p>A qualidade e seriedade de seus cursos e o reconhecimento do mercado agora tamb\u00e9m na Gradua\u00e7\u00e3o.<\/p>\n<h2>Por que escolher a Atualiza?<\/h2>\n<p>Curso presencial, pois a forma\u00e7\u00e3o do melhor profissional de Enfermagem deve ser com os melhores Professores em aulas presenciais.<\/p>\n<h3><strong>Corpo Docente<\/strong><\/h3>\n<p>Professores Mestres e Doutores reconhecidos pelo mercado.<\/p>\n<h3><strong>Centro de Simula\u00e7\u00e3o Cl\u00ednica<\/strong><\/h3>\n<p>Ambiente que simula a rotina do atendimento hospitalar.<\/p>\n<h3><strong>Reconhecimento do Mercado<\/strong><\/h3>\n<p>A Atualiza \u00e9 reconhecida pelos hospitais, cl\u00ednicas e institui\u00e7\u00f5es de sa\u00fade por sua seriedade e qualidade em todos os seus Cursos nos seus 20 anos de atua\u00e7\u00e3o.<\/p>\n<h3><strong>Pr\u00e1tica j\u00e1 no in\u00edcio do Curso<\/strong><\/h3>\n<p>Disciplinas pr\u00e1ticas com uso de Laborat\u00f3rio j\u00e1 no 1\u00ba semestre.<\/p>\n<h3><strong>Reconhecimento dos Alunos e Professores<\/strong><\/h3>\n<p>A qualidade, seriedade, e infraestrutura moderna s\u00e3o atestadas pelos alunos e professores em seus depoimentos.<\/p>\n<h3><strong>Atendimento Personalizado<\/strong><\/h3>\n<p>A equipe de atendimento da Atualiza \u00e9 capacitada para um atendimento diferenciado e de alta qualidade, reconhecendo a import\u00e2ncia e protagonismo de cada um dos alunos.<\/p>\n","protected":false},"excerpt":{"rendered":"<p>A Faculdade Atualiza faz parte do Grupo Atualiza, uma institui\u00e7\u00e3o com 20 anos de experi\u00eancia, especializada em cursos de P\u00f3s-Gradua\u00e7\u00e3o na \u00e1rea de Sa\u00fade, de Atualiza\u00e7\u00e3o e Extens\u00e3o. A P\u00f3s-Gradua\u00e7\u00e3o oferece mais de 40 cursos nas \u00e1reas de Enfermagem, Farm\u00e1cia, Fisioterapia, Psicologia e Nutri\u00e7\u00e3o. Atua tamb\u00e9m em treinamentos abertos e in company nas \u00e1reas de Sa\u00fade, Seguran\u00e7a do Trabalho e Sa\u00fade Ocupacional atrav\u00e9s da Atualiza Cursos, em Congressos e Simp\u00f3sios atrav\u00e9s da Atualiza Congressos e em Publica\u00e7\u00e3o de Livros com a Atualiza Editora. A qualidade <a href=\"https:\/\/atualizacursos.com.br\/blog\/sobre\/\" class=\"more-link\"><span>Leia mais<\/span>\u2192<\/a><\/p>\n","protected":false},"author":1,"featured_media":0,"parent":0,"menu_order":0,"comment_status":"closed","ping_status":"open","template":"","meta":{"_monsterinsights_skip_tracking":false,"_monsterinsights_sitenote_active":false,"_monsterinsights_sitenote_note":"","_monsterinsights_sitenote_category":0,"footnotes":""},"class_list":["entry","author-suporte","post-2","page","type-page","status-publish"],"yoast_head":"<!-- This site is optimized with the Yoast SEO plugin v19.5.1 - https:\/\/yoast.com\/wordpress\/plugins\/seo\/ -->\n<title>Sobre - Blog Atualiza Cursos<\/title>\n<meta name=\"robots\" content=\"index, follow, max-snippet:-1, max-image-preview:large, max-video-preview:-1\" \/>\n<link rel=\"canonical\" href=\"https:\/\/atualizacursos.com.br\/blog\/sobre\/\" \/>\n<meta property=\"og:locale\" content=\"pt_BR\" \/>\n<meta property=\"og:type\" content=\"article\" \/>\n<meta property=\"og:title\" content=\"Sobre - Blog Atualiza Cursos\" \/>\n<meta property=\"og:description\" content=\"A Faculdade Atualiza faz parte do Grupo Atualiza, uma institui\u00e7\u00e3o com 20 anos de experi\u00eancia, especializada em cursos de P\u00f3s-Gradua\u00e7\u00e3o na \u00e1rea de Sa\u00fade, de Atualiza\u00e7\u00e3o e Extens\u00e3o. A P\u00f3s-Gradua\u00e7\u00e3o oferece mais de 40 cursos nas \u00e1reas de Enfermagem, Farm\u00e1cia, Fisioterapia, Psicologia e Nutri\u00e7\u00e3o. Atua tamb\u00e9m em treinamentos abertos e in company nas \u00e1reas de Sa\u00fade, Seguran\u00e7a do Trabalho e Sa\u00fade Ocupacional atrav\u00e9s da Atualiza Cursos, em Congressos e Simp\u00f3sios atrav\u00e9s da Atualiza Congressos e em Publica\u00e7\u00e3o de Livros com a Atualiza Editora. A qualidade Leia mais\u2192\" \/>\n<meta property=\"og:url\" content=\"https:\/\/atualizacursos.com.br\/blog\/sobre\/\" \/>\n<meta property=\"og:site_name\" content=\"Blog Atualiza Cursos\" \/>\n<meta property=\"article:modified_time\" content=\"2019-04-12T19:17:00+00:00\" \/>\n<meta name=\"twitter:card\" content=\"summary_large_image\" \/>\n<meta name=\"twitter:label1\" content=\"Est. tempo de leitura\" \/>\n\t<meta name=\"twitter:data1\" content=\"1 minuto\" \/>\n<script type=\"application\/ld+json\" class=\"yoast-schema-graph\">{\"@context\":\"https:\/\/schema.org\",\"@graph\":[{\"@type\":\"WebPage\",\"@id\":\"https:\/\/atualizacursos.com.br\/blog\/sobre\/\",\"url\":\"https:\/\/atualizacursos.com.br\/blog\/sobre\/\",\"name\":\"Sobre - Blog Atualiza Cursos\",\"isPartOf\":{\"@id\":\"https:\/\/atualizacursos.com.br\/blog\/#website\"},\"datePublished\":\"2018-03-20T12:30:26+00:00\",\"dateModified\":\"2019-04-12T19:17:00+00:00\",\"breadcrumb\":{\"@id\":\"https:\/\/atualizacursos.com.br\/blog\/sobre\/#breadcrumb\"},\"inLanguage\":\"pt-BR\",\"potentialAction\":[{\"@type\":\"ReadAction\",\"target\":[\"https:\/\/atualizacursos.com.br\/blog\/sobre\/\"]}]},{\"@type\":\"BreadcrumbList\",\"@id\":\"https:\/\/atualizacursos.com.br\/blog\/sobre\/#breadcrumb\",\"itemListElement\":[{\"@type\":\"ListItem\",\"position\":1,\"name\":\"In\u00edcio\",\"item\":\"https:\/\/atualizacursos.com.br\/blog\/\"},{\"@type\":\"ListItem\",\"position\":2,\"name\":\"Sobre\"}]},{\"@type\":\"WebSite\",\"@id\":\"https:\/\/atualizacursos.com.br\/blog\/#website\",\"url\":\"https:\/\/atualizacursos.com.br\/blog\/\",\"name\":\"Blog Atualiza Cursos\",\"description\":\"Cursos de Especializa\u00e7\u00e3o na \u00e1rea de Sa\u00fade\",\"potentialAction\":[{\"@type\":\"SearchAction\",\"target\":{\"@type\":\"EntryPoint\",\"urlTemplate\":\"https:\/\/atualizacursos.com.br\/blog\/?s={search_term_string}\"},\"query-input\":\"required name=search_term_string\"}],\"inLanguage\":\"pt-BR\"}]}<\/script>\n<!-- \/ Yoast SEO plugin. -->","yoast_head_json":{"title":"Sobre - Blog Atualiza Cursos","robots":{"index":"index","follow":"follow","max-snippet":"max-snippet:-1","max-image-preview":"max-image-preview:large","max-video-preview":"max-video-preview:-1"},"canonical":"https:\/\/atualizacursos.com.br\/blog\/sobre\/","og_locale":"pt_BR","og_type":"article","og_title":"Sobre - Blog Atualiza Cursos","og_description":"A Faculdade Atualiza faz parte do Grupo Atualiza, uma institui\u00e7\u00e3o com 20 anos de experi\u00eancia, especializada em cursos de P\u00f3s-Gradua\u00e7\u00e3o na \u00e1rea de Sa\u00fade, de Atualiza\u00e7\u00e3o e Extens\u00e3o. A P\u00f3s-Gradua\u00e7\u00e3o oferece mais de 40 cursos nas \u00e1reas de Enfermagem, Farm\u00e1cia, Fisioterapia, Psicologia e Nutri\u00e7\u00e3o. Atua tamb\u00e9m em treinamentos abertos e in company nas \u00e1reas de Sa\u00fade, Seguran\u00e7a do Trabalho e Sa\u00fade Ocupacional atrav\u00e9s da Atualiza Cursos, em Congressos e Simp\u00f3sios atrav\u00e9s da Atualiza Congressos e em Publica\u00e7\u00e3o de Livros com a Atualiza Editora. A qualidade Leia mais\u2192","og_url":"https:\/\/atualizacursos.com.br\/blog\/sobre\/","og_site_name":"Blog Atualiza Cursos","article_modified_time":"2019-04-12T19:17:00+00:00","twitter_card":"summary_large_image","twitter_misc":{"Est. tempo de leitura":"1 minuto"},"schema":{"@context":"https:\/\/schema.org","@graph":[{"@type":"WebPage","@id":"https:\/\/atualizacursos.com.br\/blog\/sobre\/","url":"https:\/\/atualizacursos.com.br\/blog\/sobre\/","name":"Sobre - Blog Atualiza Cursos","isPartOf":{"@id":"https:\/\/atualizacursos.com.br\/blog\/#website"},"datePublished":"2018-03-20T12:30:26+00:00","dateModified":"2019-04-12T19:17:00+00:00","breadcrumb":{"@id":"https:\/\/atualizacursos.com.br\/blog\/sobre\/#breadcrumb"},"inLanguage":"pt-BR","potentialAction":[{"@type":"ReadAction","target":["https:\/\/atualizacursos.com.br\/blog\/sobre\/"]}]},{"@type":"BreadcrumbList","@id":"https:\/\/atualizacursos.com.br\/blog\/sobre\/#breadcrumb","itemListElement":[{"@type":"ListItem","position":1,"name":"In\u00edcio","item":"https:\/\/atualizacursos.com.br\/blog\/"},{"@type":"ListItem","position":2,"name":"Sobre"}]},{"@type":"WebSite","@id":"https:\/\/atualizacursos.com.br\/blog\/#website","url":"https:\/\/atualizacursos.com.br\/blog\/","name":"Blog Atualiza Cursos","description":"Cursos de Especializa\u00e7\u00e3o na \u00e1rea de Sa\u00fade","potentialAction":[{"@type":"SearchAction","target":{"@type":"EntryPoint","urlTemplate":"https:\/\/atualizacursos.com.br\/blog\/?s={search_term_string}"},"query-input":"required name=search_term_string"}],"inLanguage":"pt-BR"}]}},"_links":{"self":[{"href":"https:\/\/atualizacursos.com.br\/blog\/wp-json\/wp\/v2\/pages\/2"}],"collection":[{"href":"https:\/\/atualizacursos.com.br\/blog\/wp-json\/wp\/v2\/pages"}],"about":[{"href":"https:\/\/atualizacursos.com.br\/blog\/wp-json\/wp\/v2\/types\/page"}],"author":[{"embeddable":true,"href":"https:\/\/atualizacursos.com.br\/blog\/wp-json\/wp\/v2\/users\/1"}],"replies":[{"embeddable":true,"href":"https:\/\/atualizacursos.com.br\/blog\/wp-json\/wp\/v2\/comments?post=2"}],"version-history":[{"count":6,"href":"https:\/\/atualizacursos.com.br\/blog\/wp-json\/wp\/v2\/pages\/2\/revisions"}],"predecessor-version":[{"id":25,"href":"https:\/\/atualizacursos.com.br\/blog\/wp-json\/wp\/v2\/pages\/2\/revisions\/25"}],"wp:attachment":[{"href":"https:\/\/atualizacursos.com.br\/blog\/wp-json\/wp\/v2\/media?parent=2"}],"curies":[{"name":"wp","href":"https:\/\/api.w.org\/{rel}","templated":true}]}}